{"id":147,"date":"2025-04-15T07:06:58","date_gmt":"2025-04-15T07:06:58","guid":{"rendered":"https:\/\/seslianket.com\/?page_id=147"},"modified":"2025-04-15T07:06:58","modified_gmt":"2025-04-15T07:06:58","slug":"whatsapp-toplu-mesaj","status":"publish","type":"page","link":"https:\/\/seslianket.com\/index.php\/whatsapp-toplu-mesaj\/","title":{"rendered":"Whatsapp Toplu Mesaj"},"content":{"rendered":"\n<p>Mesajlar, al\u0131c\u0131lar\u0131n WhatsApp bildirim ekran\u0131nda markan\u0131z\u0131n ad\u0131yla ve logonuzla g\u00f6r\u00fcn\u00fcr.<\/p>\n\n\n\n<p>Toplu SMS\u2019e g\u00f6re %7.5 kat daha fazla g\u00f6r\u00fcnt\u00fclenme oran\u0131<\/p>\n\n\n\n<p>Anl\u0131k d\u00f6n\u00fc\u015f, etkile\u015fim ve raporlanabilir sonu\u00e7lar<\/p>\n\n\n\n<p>G\u00f6rsel, video ve link destekli iletim<\/p>\n\n\n\n<p>%100 yasal, spam olmayan ve g\u00fcvenli g\u00f6nderim altyap\u0131s\u0131yla hizmet<\/p>\n\n\n\n<p>Hedef kitlenize bug\u00fcn ula\u015f\u0131n, sat\u0131\u015flar\u0131n\u0131z\u0131 birlikte art\u0131rmaya ba\u015flayal\u0131m<\/p>\n\n\n\n<p>Bu hizmet sayesinde, potansiyel m\u00fc\u015fterilerinize&nbsp;<strong>do\u011frudan ve etkili bir ileti\u015fim kanal\u0131yla<\/strong>&nbsp;ula\u015fabilir, marka bilinirli\u011finizi ve d\u00f6n\u00fc\u015f\u00fcm oranlar\u0131n\u0131z\u0131 art\u0131rabilirsiniz<\/p>\n","protected":false},"excerpt":{"rendered":"<p>Mesajlar, al\u0131c\u0131lar\u0131n WhatsApp bildirim ekran\u0131nda markan\u0131z\u0131n ad\u0131yla ve logonuzla g\u00f6r\u00fcn\u00fcr. Toplu SMS\u2019e g\u00f6re %7.5 kat daha fazla g\u00f6r\u00fcnt\u00fclenme oran\u0131 Anl\u0131k d\u00f6n\u00fc\u015f, etkile\u015fim ve raporlanabilir sonu\u00e7lar G\u00f6rsel, video ve link destekli iletim %100 yasal, spam olmayan ve g\u00fcvenli g\u00f6nderim altyap\u0131s\u0131yla hizmet Hedef kitlenize bug\u00fcn ula\u015f\u0131n, sat\u0131\u015flar\u0131n\u0131z\u0131 birlikte art\u0131rmaya ba\u015flayal\u0131m Bu hizmet sayesinde, potansiyel m\u00fc\u015fterilerinize&nbsp;do\u011frudan ve etkili [&hellip;]<\/p>\n","protected":false},"author":1,"featured_media":0,"parent":0,"menu_order":0,"comment_status":"closed","ping_status":"closed","template":"","meta":{"saved_in_kubio":false,"footnotes":""},"class_list":["post-147","page","type-page","status-publish","hentry"],"kubio_ai_page_context":{"short_desc":"","purpose":"general"},"yoast_head":"<!-- This site is optimized with the Yoast SEO plugin v26.0 - https:\/\/yoast.com\/wordpress\/plugins\/seo\/ -->\n<title>Whatsapp Toplu Mesaj | T\u00fcrkiye&#039;nin 1 Numaral\u0131 Sesli Anket \u015eirketi K\u0131rm\u0131z\u0131 Kare \u0130leti\u015fim<\/title>\n<meta name=\"description\" content=\"Whatsapp Toplu Mesaj ve di\u011fer t\u00fcm hizmetlerimiz i\u00e7in T\u00fcrkiye&#039;nin 1 Numaral\u0131 Sesli Anket \u015eirketi K\u0131rm\u0131z\u0131 Kare \u0130leti\u015fim Sitemizi ziyaret edebilirsiniz.\" \/>\n<meta name=\"robots\" content=\"index, follow, max-snippet:-1, max-image-preview:large, max-video-preview:-1\" \/>\n<link rel=\"canonical\" href=\"https:\/\/seslianket.com\/index.php\/whatsapp-toplu-mesaj\/\" \/>\n<meta property=\"og:locale\" content=\"tr_TR\" \/>\n<meta property=\"og:type\" content=\"article\" \/>\n<meta property=\"og:title\" content=\"Whatsapp Toplu Mesaj | T\u00fcrkiye&#039;nin 1 Numaral\u0131 Sesli Anket \u015eirketi K\u0131rm\u0131z\u0131 Kare \u0130leti\u015fim\" \/>\n<meta property=\"og:description\" content=\"Whatsapp Toplu Mesaj ve di\u011fer t\u00fcm hizmetlerimiz i\u00e7in T\u00fcrkiye&#039;nin 1 Numaral\u0131 Sesli Anket \u015eirketi K\u0131rm\u0131z\u0131 Kare \u0130leti\u015fim Sitemizi ziyaret edebilirsiniz.\" \/>\n<meta property=\"og:url\" content=\"https:\/\/seslianket.com\/index.php\/whatsapp-toplu-mesaj\/\" \/>\n<meta property=\"og:site_name\" content=\"T\u00fcrkiye&#039;nin 1 Numaral\u0131 Sesli Anket \u015eirketi K\u0131rm\u0131z\u0131 Kare \u0130leti\u015fim\" \/>\n<meta property=\"article:publisher\" content=\"https:\/\/www.facebook.com\/uniamerika\" \/>\n<meta property=\"og:image\" content=\"https:\/\/seslianket.com\/wp-content\/uploads\/2025\/02\/cambridge-989x1024-1.png\" \/>\n\t<meta property=\"og:image:width\" content=\"989\" \/>\n\t<meta property=\"og:image:height\" content=\"1024\" \/>\n\t<meta property=\"og:image:type\" content=\"image\/png\" \/>\n<meta name=\"twitter:card\" content=\"summary_large_image\" \/>\n<meta name=\"twitter:site\" content=\"@uniamerika\" \/>\n<script type=\"application\/ld+json\" class=\"yoast-schema-graph\">{\"@context\":\"https:\/\/schema.org\",\"@graph\":[{\"@type\":\"WebPage\",\"@id\":\"https:\/\/seslianket.com\/index.php\/whatsapp-toplu-mesaj\/\",\"url\":\"https:\/\/seslianket.com\/index.php\/whatsapp-toplu-mesaj\/\",\"name\":\"Whatsapp Toplu Mesaj | T\u00fcrkiye&#039;nin 1 Numaral\u0131 Sesli Anket \u015eirketi K\u0131rm\u0131z\u0131 Kare \u0130leti\u015fim\",\"isPartOf\":{\"@id\":\"https:\/\/seslianket.com\/#website\"},\"datePublished\":\"2025-04-15T07:06:58+00:00\",\"description\":\"Whatsapp Toplu Mesaj ve di\u011fer t\u00fcm hizmetlerimiz i\u00e7in T\u00fcrkiye&#039;nin 1 Numaral\u0131 Sesli Anket \u015eirketi K\u0131rm\u0131z\u0131 Kare \u0130leti\u015fim Sitemizi ziyaret edebilirsiniz.\",\"breadcrumb\":{\"@id\":\"https:\/\/seslianket.com\/index.php\/whatsapp-toplu-mesaj\/#breadcrumb\"},\"inLanguage\":\"tr\",\"potentialAction\":[{\"@type\":\"ReadAction\",\"target\":[\"https:\/\/seslianket.com\/index.php\/whatsapp-toplu-mesaj\/\"]}]},{\"@type\":\"BreadcrumbList\",\"@id\":\"https:\/\/seslianket.com\/index.php\/whatsapp-toplu-mesaj\/#breadcrumb\",\"itemListElement\":[{\"@type\":\"ListItem\",\"position\":1,\"name\":\"Anasayfa\",\"item\":\"https:\/\/seslianket.com\/\"},{\"@type\":\"ListItem\",\"position\":2,\"name\":\"Whatsapp Toplu Mesaj\"}]},{\"@type\":\"WebSite\",\"@id\":\"https:\/\/seslianket.com\/#website\",\"url\":\"https:\/\/seslianket.com\/\",\"name\":\"T\u00fcrkiye'nin 1 Numaral\u0131 Sesli Anket \u015eirketi K\u0131rm\u0131z\u0131 Kare \u0130leit\u015fim\",\"description\":\"T\u00fcrkiye&#039;nin 1 Numaral\u0131 Sesli Anket \u015eirketi\",\"alternateName\":\"Sesli Anket ve Sesli Mesaj\",\"potentialAction\":[{\"@type\":\"SearchAction\",\"target\":{\"@type\":\"EntryPoint\",\"urlTemplate\":\"https:\/\/seslianket.com\/?s={search_term_string}\"},\"query-input\":{\"@type\":\"PropertyValueSpecification\",\"valueRequired\":true,\"valueName\":\"search_term_string\"}}],\"inLanguage\":\"tr\"}]}<\/script>\n<!-- \/ Yoast SEO plugin. -->","yoast_head_json":{"title":"Whatsapp Toplu Mesaj | T\u00fcrkiye&#039;nin 1 Numaral\u0131 Sesli Anket \u015eirketi K\u0131rm\u0131z\u0131 Kare \u0130leti\u015fim","description":"Whatsapp Toplu Mesaj ve di\u011fer t\u00fcm hizmetlerimiz i\u00e7in T\u00fcrkiye&#039;nin 1 Numaral\u0131 Sesli Anket \u015eirketi K\u0131rm\u0131z\u0131 Kare \u0130leti\u015fim Sitemizi ziyaret edebilirsiniz.","robots":{"index":"index","follow":"follow","max-snippet":"max-snippet:-1","max-image-preview":"max-image-preview:large","max-video-preview":"max-video-preview:-1"},"canonical":"https:\/\/seslianket.com\/index.php\/whatsapp-toplu-mesaj\/","og_locale":"tr_TR","og_type":"article","og_title":"Whatsapp Toplu Mesaj | T\u00fcrkiye&#039;nin 1 Numaral\u0131 Sesli Anket \u015eirketi K\u0131rm\u0131z\u0131 Kare \u0130leti\u015fim","og_description":"Whatsapp Toplu Mesaj ve di\u011fer t\u00fcm hizmetlerimiz i\u00e7in T\u00fcrkiye&#039;nin 1 Numaral\u0131 Sesli Anket \u015eirketi K\u0131rm\u0131z\u0131 Kare \u0130leti\u015fim Sitemizi ziyaret edebilirsiniz.","og_url":"https:\/\/seslianket.com\/index.php\/whatsapp-toplu-mesaj\/","og_site_name":"T\u00fcrkiye&#039;nin 1 Numaral\u0131 Sesli Anket \u015eirketi K\u0131rm\u0131z\u0131 Kare \u0130leti\u015fim","article_publisher":"https:\/\/www.facebook.com\/uniamerika","og_image":[{"width":989,"height":1024,"url":"https:\/\/seslianket.com\/wp-content\/uploads\/2025\/02\/cambridge-989x1024-1.png","type":"image\/png"}],"twitter_card":"summary_large_image","twitter_site":"@uniamerika","schema":{"@context":"https:\/\/schema.org","@graph":[{"@type":"WebPage","@id":"https:\/\/seslianket.com\/index.php\/whatsapp-toplu-mesaj\/","url":"https:\/\/seslianket.com\/index.php\/whatsapp-toplu-mesaj\/","name":"Whatsapp Toplu Mesaj | T\u00fcrkiye&#039;nin 1 Numaral\u0131 Sesli Anket \u015eirketi K\u0131rm\u0131z\u0131 Kare \u0130leti\u015fim","isPartOf":{"@id":"https:\/\/seslianket.com\/#website"},"datePublished":"2025-04-15T07:06:58+00:00","description":"Whatsapp Toplu Mesaj ve di\u011fer t\u00fcm hizmetlerimiz i\u00e7in T\u00fcrkiye&#039;nin 1 Numaral\u0131 Sesli Anket \u015eirketi K\u0131rm\u0131z\u0131 Kare \u0130leti\u015fim Sitemizi ziyaret edebilirsiniz.","breadcrumb":{"@id":"https:\/\/seslianket.com\/index.php\/whatsapp-toplu-mesaj\/#breadcrumb"},"inLanguage":"tr","potentialAction":[{"@type":"ReadAction","target":["https:\/\/seslianket.com\/index.php\/whatsapp-toplu-mesaj\/"]}]},{"@type":"BreadcrumbList","@id":"https:\/\/seslianket.com\/index.php\/whatsapp-toplu-mesaj\/#breadcrumb","itemListElement":[{"@type":"ListItem","position":1,"name":"Anasayfa","item":"https:\/\/seslianket.com\/"},{"@type":"ListItem","position":2,"name":"Whatsapp Toplu Mesaj"}]},{"@type":"WebSite","@id":"https:\/\/seslianket.com\/#website","url":"https:\/\/seslianket.com\/","name":"T\u00fcrkiye'nin 1 Numaral\u0131 Sesli Anket \u015eirketi K\u0131rm\u0131z\u0131 Kare \u0130leit\u015fim","description":"T\u00fcrkiye&#039;nin 1 Numaral\u0131 Sesli Anket \u015eirketi","alternateName":"Sesli Anket ve Sesli Mesaj","potentialAction":[{"@type":"SearchAction","target":{"@type":"EntryPoint","urlTemplate":"https:\/\/seslianket.com\/?s={search_term_string}"},"query-input":{"@type":"PropertyValueSpecification","valueRequired":true,"valueName":"search_term_string"}}],"inLanguage":"tr"}]}},"_links":{"self":[{"href":"https:\/\/seslianket.com\/index.php\/wp-json\/wp\/v2\/pages\/147","targetHints":{"allow":["GET"]}}],"collection":[{"href":"https:\/\/seslianket.com\/index.php\/wp-json\/wp\/v2\/pages"}],"about":[{"href":"https:\/\/seslianket.com\/index.php\/wp-json\/wp\/v2\/types\/page"}],"author":[{"embeddable":true,"href":"https:\/\/seslianket.com\/index.php\/wp-json\/wp\/v2\/users\/1"}],"replies":[{"embeddable":true,"href":"https:\/\/seslianket.com\/index.php\/wp-json\/wp\/v2\/comments?post=147"}],"version-history":[{"count":1,"href":"https:\/\/seslianket.com\/index.php\/wp-json\/wp\/v2\/pages\/147\/revisions"}],"predecessor-version":[{"id":148,"href":"https:\/\/seslianket.com\/index.php\/wp-json\/wp\/v2\/pages\/147\/revisions\/148"}],"wp:attachment":[{"href":"https:\/\/seslianket.com\/index.php\/wp-json\/wp\/v2\/media?parent=147"}],"curies":[{"name":"wp","href":"https:\/\/api.w.org\/{rel}","templated":true}]}}