{"id":19,"date":"2025-02-21T08:48:11","date_gmt":"2025-02-21T08:48:11","guid":{"rendered":"https:\/\/seslianket.com\/?page_id=19"},"modified":"2025-02-25T08:49:27","modified_gmt":"2025-02-25T08:49:27","slug":"iletisim-formu","status":"publish","type":"page","link":"https:\/\/seslianket.com\/index.php\/iletisim-formu\/","title":{"rendered":"\u0130leti\u015fim Formu"},"content":{"rendered":"<div class=\"wpforms-container wpforms-container-full wpforms-block wpforms-block-2d9c7c5f-28b0-4825-88c6-039ae60cb976 wpforms-render-modern\" id=\"wpforms-45\"><form id=\"wpforms-form-45\" class=\"wpforms-validate wpforms-form wpforms-ajax-form\" data-formid=\"45\" method=\"post\" enctype=\"multipart\/form-data\" action=\"\/index.php\/wp-json\/wp\/v2\/pages\/19\" data-token=\"40e199fb5c27ea1d4e68b4e3af2784f5\" data-token-time=\"1776423528\"><noscript class=\"wpforms-error-noscript\">Bu formu bitirebilmek i\u00e7in taray\u0131c\u0131n\u0131zda JavaScript&#039;i etkinle\u015ftirin.<\/noscript><div id=\"wpforms-error-noscript\" style=\"display: none;\">Bu formu bitirebilmek i\u00e7in taray\u0131c\u0131n\u0131zda JavaScript&#039;i etkinle\u015ftirin.<\/div><div class=\"wpforms-field-container\"><div id=\"wpforms-45-field_1-container\" class=\"wpforms-field wpforms-field-name\" data-field-id=\"1\"><fieldset><legend class=\"wpforms-field-label\">Ad\u0131 Soyad\u0131 <span class=\"wpforms-required-label\" aria-hidden=\"true\">*<\/span><\/legend><div class=\"wpforms-field-row wpforms-field-medium\"><div class=\"wpforms-field-row-block wpforms-first wpforms-one-half\"><input type=\"text\" id=\"wpforms-45-field_1\" class=\"wpforms-field-name-first wpforms-field-required\" name=\"wpforms[fields][1][first]\" aria-errormessage=\"wpforms-45-field_1-error\" required><label for=\"wpforms-45-field_1\" class=\"wpforms-field-sublabel after\">Ad<\/label><\/div><div class=\"wpforms-field-row-block wpforms-one-half\"><input type=\"text\" id=\"wpforms-45-field_1-last\" class=\"wpforms-field-name-last wpforms-field-required\" name=\"wpforms[fields][1][last]\" aria-errormessage=\"wpforms-45-field_1-last-error\" required><label for=\"wpforms-45-field_1-last\" class=\"wpforms-field-sublabel after\">Soyad<\/label><\/div><\/div><\/fieldset><\/div>\t\t<div id=\"wpforms-45-field_2-container\"\n\t\t\tclass=\"wpforms-field wpforms-field-text\"\n\t\t\tdata-field-type=\"text\"\n\t\t\tdata-field-id=\"2\"\n\t\t\t>\n\t\t\t<label class=\"wpforms-field-label\" for=\"wpforms-45-field_2\" >\u0130stersiniz? Numaran\u0131z Ne<\/label>\n\t\t\t<input type=\"text\" id=\"wpforms-45-field_2\" class=\"wpforms-field-medium\" name=\"wpforms[fields][2]\" >\n\t\t<\/div>\n\t\t<div id=\"wpforms-45-field_4-container\" class=\"wpforms-field wpforms-field-text\" data-field-id=\"4\"><label class=\"wpforms-field-label\" for=\"wpforms-45-field_4\">Telefon Numaran\u0131z <span class=\"wpforms-required-label\" aria-hidden=\"true\">*<\/span><\/label><input type=\"text\" id=\"wpforms-45-field_4\" class=\"wpforms-field-medium wpforms-field-required\" name=\"wpforms[fields][4]\" aria-errormessage=\"wpforms-45-field_4-error\" required><\/div><div id=\"wpforms-45-field_3-container\" class=\"wpforms-field wpforms-field-textarea\" data-field-id=\"3\"><label class=\"wpforms-field-label\" for=\"wpforms-45-field_3\">Ne Hakk\u0131nda Bilgi Almak \u0130stersiniz? <span class=\"wpforms-required-label\" aria-hidden=\"true\">*<\/span><\/label><textarea id=\"wpforms-45-field_3\" class=\"wpforms-field-medium wpforms-field-required\" name=\"wpforms[fields][3]\" aria-errormessage=\"wpforms-45-field_3-error\" required><\/textarea><\/div><script>\n\t\t\t\t( function() {\n\t\t\t\t\tconst style = document.createElement( 'style' );\n\t\t\t\t\tstyle.appendChild( document.createTextNode( '#wpforms-45-field_2-container { position: absolute !important; overflow: hidden !important; display: inline !important; height: 1px !important; width: 1px !important; z-index: -1000 !important; padding: 0 !important; } #wpforms-45-field_2-container input { visibility: hidden; } #wpforms-conversational-form-page #wpforms-45-field_2-container label { counter-increment: none; }' ) );\n\t\t\t\t\tdocument.head.appendChild( style );\n\t\t\t\t\tdocument.currentScript?.remove();\n\t\t\t\t} )();\n\t\t\t<\/script><\/div><!-- .wpforms-field-container --><div class=\"wpforms-submit-container\" ><input type=\"hidden\" name=\"wpforms[id]\" value=\"45\"><input type=\"hidden\" name=\"page_title\" value=\"\"><input type=\"hidden\" name=\"page_url\" value=\"https:\/\/seslianket.com\/index.php\/wp-json\/wp\/v2\/pages\/19\"><input type=\"hidden\" name=\"url_referer\" value=\"\"><button type=\"submit\" name=\"wpforms[submit]\" id=\"wpforms-submit-45\" class=\"wpforms-submit\" data-alt-text=\"G\u00f6nderiliyor...\" data-submit-text=\"G\u00f6nder\" aria-live=\"assertive\" value=\"wpforms-submit\">G\u00f6nder<\/button><img loading=\"lazy\" decoding=\"async\" src=\"https:\/\/seslianket.com\/wp-content\/plugins\/wpforms-lite\/assets\/images\/submit-spin.svg\" class=\"wpforms-submit-spinner\" style=\"display: none;\" width=\"26\" height=\"26\" alt=\"Y\u00fckleniyor\"><\/div><\/form><\/div>  <!-- .wpforms-container -->","protected":false},"excerpt":{"rendered":"","protected":false},"author":1,"featured_media":0,"parent":0,"menu_order":0,"comment_status":"closed","ping_status":"closed","template":"","meta":{"saved_in_kubio":false,"footnotes":""},"class_list":["post-19","page","type-page","status-publish","hentry"],"kubio_ai_page_context":{"short_desc":"","purpose":"general"},"yoast_head":"<!-- This site is optimized with the Yoast SEO plugin v26.0 - https:\/\/yoast.com\/wordpress\/plugins\/seo\/ -->\n<title>\u0130leti\u015fim Formu | T\u00fcrkiye&#039;nin 1 Numaral\u0131 Sesli Anket \u015eirketi K\u0131rm\u0131z\u0131 Kare \u0130leti\u015fim<\/title>\n<meta name=\"description\" content=\"\u0130leti\u015fim Formu ve di\u011fer t\u00fcm hizmetlerimiz i\u00e7in T\u00fcrkiye&#039;nin 1 Numaral\u0131 Sesli Anket \u015eirketi K\u0131rm\u0131z\u0131 Kare \u0130leti\u015fim Sitemizi ziyaret edebilirsiniz.\" \/>\n<meta name=\"robots\" content=\"index, follow, max-snippet:-1, max-image-preview:large, max-video-preview:-1\" \/>\n<link rel=\"canonical\" href=\"https:\/\/seslianket.com\/index.php\/iletisim-formu\/\" \/>\n<meta property=\"og:locale\" content=\"tr_TR\" \/>\n<meta property=\"og:type\" content=\"article\" \/>\n<meta property=\"og:title\" content=\"\u0130leti\u015fim Formu | T\u00fcrkiye&#039;nin 1 Numaral\u0131 Sesli Anket \u015eirketi K\u0131rm\u0131z\u0131 Kare \u0130leti\u015fim\" \/>\n<meta property=\"og:description\" content=\"\u0130leti\u015fim Formu ve di\u011fer t\u00fcm hizmetlerimiz i\u00e7in T\u00fcrkiye&#039;nin 1 Numaral\u0131 Sesli Anket \u015eirketi K\u0131rm\u0131z\u0131 Kare \u0130leti\u015fim Sitemizi ziyaret edebilirsiniz.\" \/>\n<meta property=\"og:url\" content=\"https:\/\/seslianket.com\/index.php\/iletisim-formu\/\" \/>\n<meta property=\"og:site_name\" content=\"T\u00fcrkiye&#039;nin 1 Numaral\u0131 Sesli Anket \u015eirketi K\u0131rm\u0131z\u0131 Kare \u0130leti\u015fim\" \/>\n<meta property=\"article:publisher\" content=\"https:\/\/www.facebook.com\/uniamerika\" \/>\n<meta property=\"article:modified_time\" content=\"2025-02-25T08:49:27+00:00\" \/>\n<meta property=\"og:image\" content=\"https:\/\/seslianket.com\/wp-content\/uploads\/2025\/02\/cambridge-989x1024-1.png\" \/>\n\t<meta property=\"og:image:width\" content=\"989\" \/>\n\t<meta property=\"og:image:height\" content=\"1024\" \/>\n\t<meta property=\"og:image:type\" content=\"image\/png\" \/>\n<meta name=\"twitter:card\" content=\"summary_large_image\" \/>\n<meta name=\"twitter:site\" content=\"@uniamerika\" \/>\n<script type=\"application\/ld+json\" class=\"yoast-schema-graph\">{\"@context\":\"https:\/\/schema.org\",\"@graph\":[{\"@type\":\"WebPage\",\"@id\":\"https:\/\/seslianket.com\/index.php\/iletisim-formu\/\",\"url\":\"https:\/\/seslianket.com\/index.php\/iletisim-formu\/\",\"name\":\"\u0130leti\u015fim Formu | T\u00fcrkiye&#039;nin 1 Numaral\u0131 Sesli Anket \u015eirketi K\u0131rm\u0131z\u0131 Kare \u0130leti\u015fim\",\"isPartOf\":{\"@id\":\"https:\/\/seslianket.com\/#website\"},\"datePublished\":\"2025-02-21T08:48:11+00:00\",\"dateModified\":\"2025-02-25T08:49:27+00:00\",\"description\":\"\u0130leti\u015fim Formu ve di\u011fer t\u00fcm hizmetlerimiz i\u00e7in T\u00fcrkiye&#039;nin 1 Numaral\u0131 Sesli Anket \u015eirketi K\u0131rm\u0131z\u0131 Kare \u0130leti\u015fim Sitemizi ziyaret edebilirsiniz.\",\"breadcrumb\":{\"@id\":\"https:\/\/seslianket.com\/index.php\/iletisim-formu\/#breadcrumb\"},\"inLanguage\":\"tr\",\"potentialAction\":[{\"@type\":\"ReadAction\",\"target\":[\"https:\/\/seslianket.com\/index.php\/iletisim-formu\/\"]}]},{\"@type\":\"BreadcrumbList\",\"@id\":\"https:\/\/seslianket.com\/index.php\/iletisim-formu\/#breadcrumb\",\"itemListElement\":[{\"@type\":\"ListItem\",\"position\":1,\"name\":\"Anasayfa\",\"item\":\"https:\/\/seslianket.com\/\"},{\"@type\":\"ListItem\",\"position\":2,\"name\":\"\u0130leti\u015fim Formu\"}]},{\"@type\":\"WebSite\",\"@id\":\"https:\/\/seslianket.com\/#website\",\"url\":\"https:\/\/seslianket.com\/\",\"name\":\"T\u00fcrkiye'nin 1 Numaral\u0131 Sesli Anket \u015eirketi K\u0131rm\u0131z\u0131 Kare \u0130leit\u015fim\",\"description\":\"T\u00fcrkiye&#039;nin 1 Numaral\u0131 Sesli Anket \u015eirketi\",\"alternateName\":\"Sesli Anket ve Sesli Mesaj\",\"potentialAction\":[{\"@type\":\"SearchAction\",\"target\":{\"@type\":\"EntryPoint\",\"urlTemplate\":\"https:\/\/seslianket.com\/?s={search_term_string}\"},\"query-input\":{\"@type\":\"PropertyValueSpecification\",\"valueRequired\":true,\"valueName\":\"search_term_string\"}}],\"inLanguage\":\"tr\"}]}<\/script>\n<!-- \/ Yoast SEO plugin. -->","yoast_head_json":{"title":"\u0130leti\u015fim Formu | T\u00fcrkiye&#039;nin 1 Numaral\u0131 Sesli Anket \u015eirketi K\u0131rm\u0131z\u0131 Kare \u0130leti\u015fim","description":"\u0130leti\u015fim Formu ve di\u011fer t\u00fcm hizmetlerimiz i\u00e7in T\u00fcrkiye&#039;nin 1 Numaral\u0131 Sesli Anket \u015eirketi K\u0131rm\u0131z\u0131 Kare \u0130leti\u015fim Sitemizi ziyaret edebilirsiniz.","robots":{"index":"index","follow":"follow","max-snippet":"max-snippet:-1","max-image-preview":"max-image-preview:large","max-video-preview":"max-video-preview:-1"},"canonical":"https:\/\/seslianket.com\/index.php\/iletisim-formu\/","og_locale":"tr_TR","og_type":"article","og_title":"\u0130leti\u015fim Formu | T\u00fcrkiye&#039;nin 1 Numaral\u0131 Sesli Anket \u015eirketi K\u0131rm\u0131z\u0131 Kare \u0130leti\u015fim","og_description":"\u0130leti\u015fim Formu ve di\u011fer t\u00fcm hizmetlerimiz i\u00e7in T\u00fcrkiye&#039;nin 1 Numaral\u0131 Sesli Anket \u015eirketi K\u0131rm\u0131z\u0131 Kare \u0130leti\u015fim Sitemizi ziyaret edebilirsiniz.","og_url":"https:\/\/seslianket.com\/index.php\/iletisim-formu\/","og_site_name":"T\u00fcrkiye&#039;nin 1 Numaral\u0131 Sesli Anket \u015eirketi K\u0131rm\u0131z\u0131 Kare \u0130leti\u015fim","article_publisher":"https:\/\/www.facebook.com\/uniamerika","article_modified_time":"2025-02-25T08:49:27+00:00","og_image":[{"width":989,"height":1024,"url":"https:\/\/seslianket.com\/wp-content\/uploads\/2025\/02\/cambridge-989x1024-1.png","type":"image\/png"}],"twitter_card":"summary_large_image","twitter_site":"@uniamerika","schema":{"@context":"https:\/\/schema.org","@graph":[{"@type":"WebPage","@id":"https:\/\/seslianket.com\/index.php\/iletisim-formu\/","url":"https:\/\/seslianket.com\/index.php\/iletisim-formu\/","name":"\u0130leti\u015fim Formu | T\u00fcrkiye&#039;nin 1 Numaral\u0131 Sesli Anket \u015eirketi K\u0131rm\u0131z\u0131 Kare \u0130leti\u015fim","isPartOf":{"@id":"https:\/\/seslianket.com\/#website"},"datePublished":"2025-02-21T08:48:11+00:00","dateModified":"2025-02-25T08:49:27+00:00","description":"\u0130leti\u015fim Formu ve di\u011fer t\u00fcm hizmetlerimiz i\u00e7in T\u00fcrkiye&#039;nin 1 Numaral\u0131 Sesli Anket \u015eirketi K\u0131rm\u0131z\u0131 Kare \u0130leti\u015fim Sitemizi ziyaret edebilirsiniz.","breadcrumb":{"@id":"https:\/\/seslianket.com\/index.php\/iletisim-formu\/#breadcrumb"},"inLanguage":"tr","potentialAction":[{"@type":"ReadAction","target":["https:\/\/seslianket.com\/index.php\/iletisim-formu\/"]}]},{"@type":"BreadcrumbList","@id":"https:\/\/seslianket.com\/index.php\/iletisim-formu\/#breadcrumb","itemListElement":[{"@type":"ListItem","position":1,"name":"Anasayfa","item":"https:\/\/seslianket.com\/"},{"@type":"ListItem","position":2,"name":"\u0130leti\u015fim Formu"}]},{"@type":"WebSite","@id":"https:\/\/seslianket.com\/#website","url":"https:\/\/seslianket.com\/","name":"T\u00fcrkiye'nin 1 Numaral\u0131 Sesli Anket \u015eirketi K\u0131rm\u0131z\u0131 Kare \u0130leit\u015fim","description":"T\u00fcrkiye&#039;nin 1 Numaral\u0131 Sesli Anket \u015eirketi","alternateName":"Sesli Anket ve Sesli Mesaj","potentialAction":[{"@type":"SearchAction","target":{"@type":"EntryPoint","urlTemplate":"https:\/\/seslianket.com\/?s={search_term_string}"},"query-input":{"@type":"PropertyValueSpecification","valueRequired":true,"valueName":"search_term_string"}}],"inLanguage":"tr"}]}},"_links":{"self":[{"href":"https:\/\/seslianket.com\/index.php\/wp-json\/wp\/v2\/pages\/19","targetHints":{"allow":["GET"]}}],"collection":[{"href":"https:\/\/seslianket.com\/index.php\/wp-json\/wp\/v2\/pages"}],"about":[{"href":"https:\/\/seslianket.com\/index.php\/wp-json\/wp\/v2\/types\/page"}],"author":[{"embeddable":true,"href":"https:\/\/seslianket.com\/index.php\/wp-json\/wp\/v2\/users\/1"}],"replies":[{"embeddable":true,"href":"https:\/\/seslianket.com\/index.php\/wp-json\/wp\/v2\/comments?post=19"}],"version-history":[{"count":2,"href":"https:\/\/seslianket.com\/index.php\/wp-json\/wp\/v2\/pages\/19\/revisions"}],"predecessor-version":[{"id":48,"href":"https:\/\/seslianket.com\/index.php\/wp-json\/wp\/v2\/pages\/19\/revisions\/48"}],"wp:attachment":[{"href":"https:\/\/seslianket.com\/index.php\/wp-json\/wp\/v2\/media?parent=19"}],"curies":[{"name":"wp","href":"https:\/\/api.w.org\/{rel}","templated":true}]}}